{"id":5441,"date":"2019-11-03T11:59:37","date_gmt":"2019-11-03T10:59:37","guid":{"rendered":"http:\/\/saintoma.com\/?page_id=5441"},"modified":"2024-09-25T18:33:46","modified_gmt":"2024-09-25T17:33:46","slug":"a-propos-contact-interview","status":"publish","type":"page","link":"https:\/\/saintoma.com\/index.php\/a-propos-contact-interview\/","title":{"rendered":"\u00c0 PROPOS"},"content":{"rendered":"\n<p>Thomas Durcudoy dit Saint-Oma<\/p>\n\n\n\n<p><strong>Autre site :<\/strong><\/p>\n\n\n\n<p><a href=\"https:\/\/cargocollective.com\/ThomasDurcudoy\">https:\/\/cargocollective.com\/ThomasDurcudoy<\/a><\/p>\n\n\n\n<p><strong>Animation 2d :<\/strong><\/p>\n\n\n\n<p><a href=\"https:\/\/cargocollective.com\/studiotogi\">https:\/\/cargocollective.com\/studiotogi<\/a><\/p>\n\n\n\n<div class=\"wp-block-jetpack-contact-info\">\n<p><strong>Contact :<\/strong><\/p>\n\n\n\n<div class=\"wp-block-jetpack-email\"><a href=\"javascript:secureDecryptAndNavigate('LpihDoxrJAEc69cQzABpuo0Y7JMdT1eEeXMS4hck7iatNIW4xFm+CWF51h4zL+vzD6M1dy0Cs\/AEGgFcoaoUczmoIk\/GH+GNpjdg', '77e2b5f3dfdcaffc486de7e0a8c696c1ee47965f88d4d07671ead2ad2ab7f46b')\">contact [at] saintoma [dot] com<\/a><\/div>\n<\/div>\n\n\n\n<p><strong>\u00e0 propos<\/strong> :<\/p>\n\n\n\n<p>Thomas Durcudoy (n\u00e9 en 1973) dit  Saint-Oma est issu d\u2019un cursus artistique, \u00c9cole Boulle (DMA ciselure),  \u00c9cole des beaux-arts d\u2019\u00c9pinal (DNAP, DNSEP), cette longue formation l\u2019a  conduit \u00e0 construire une trame plastique autour de quatre m\u00e9diums : le  dessin, l\u2019animation 2d, la peinture et le collage. Ses \u0153uvres se  d\u00e9couvrent sur les murs et dans les friches, mais aussi dans des  expositions solos o\u00f9 collectives, sur des t-shirt (agn\u00e8s b) et m\u00eame sur  le papier journal et les couvertures de livres, il r\u00e9alise aussi des  performances dessin\u00e9es et pratique la facilitation graphique (artistique) en lien avec les institutions scientifiques sur des projets de communication autour des experts.<\/p>\n\n\n\n<p><strong>Comp\u00e9tences :<\/strong><\/p>\n\n\n\n<p>Connaissance intuitive du processus cr\u00e9atif <\/p>\n\n\n\n<p>\u00c9coute, observation, sens du d\u00e9tail, pertinence <\/p>\n\n\n\n<p>Esprit de synth\u00e8se, id\u00e9e, association d\u2019id\u00e9e, analogie, cr\u00e9ation de<br>monde imaginaire, concept<\/p>\n\n\n\n<p>Capacit\u00e9 d\u2019accompagnement \u00e0 la cr\u00e9ation<\/p>\n\n\n\n<p>Cr\u00e9er dans l\u2019instant, spontan\u00e9it\u00e9, cr\u00e9ation dans l\u2019\u00e9change <\/p>\n\n\n\n<p><strong>Quelques mots autour de la cr\u00e9ation :<\/strong><\/p>\n\n\n\n<p>L\u2019id\u00e9e spontan\u00e9e par la pratique du dessin.<\/p>\n\n\n\n<p>Il n\u2019y a aucun contr\u00f4le, juste une intention, un d\u00e9sir de se<br>positionner comme le vecteur de ce qui passe, simplement,<br>en nous, dans l\u2019instant, toujours vers le nouveau,<br>le diff\u00e9rent, l\u2019\u00e9mergence d\u2019une forme neuve qui oriente<br>la pens\u00e9e, qui, \u00e0 son tour, oriente la forme.<\/p>\n\n\n\n<p>c\u2019est une \u00e9treinte charg\u00e9e de promesses.<\/p>\n\n\n\n<p>La force authentique du dessin prend sa source<br>dans le \u00abl\u00e2cher prise\u00bb, l\u2019\u00e9vanouissement de la conscience.<\/p>\n\n\n\n<p>la fulgurance du trait comme moteur sacr\u00e9, une forme<br>de captation de la permanence du changement.<\/p>\n\n\n\n<p>Les premiers dessins sont un petit th\u00e9\u00e2tre dantesque,<br>ils repr\u00e9sentent d\u2019une mani\u00e8re ironique et po\u00e9tique la<br>condition humaine, en mettant le doigt sur son<br>dramatique manque de distance.<\/p>\n\n\n\n<p>Les dessins actuels tendent vers un questionnement<br>sur la mati\u00e8re, l\u2019esprit, l\u2019organique, la transmutation,<br>l\u2019hypertrophie, une g\u00e9om\u00e9trie de la psych\u00e9 humaine,<br>une tentative de r\u00e9v\u00e9ler certains des m\u00e9canismes<br>les plus subtils et obscurs de la conscience.<\/p>\n\n\n\n<p><strong>\u00ab&nbsp;De la singularit\u00e9&nbsp;\u00bb<\/strong><\/p>\n\n\n\n<p>La vie s\u2019inscrit dans un cercle qui  tourne sans fin, aussi bien entre sa forme et son environnement qu\u2019entre  sa forme et chacun de ses \u00e9l\u00e9ments internes, la forme ainsi trac\u00e9e  \u00e9volue sans cesse. La vie est bien cette unit\u00e9 projective (\u00e0 construire)  et pourtant d\u00e9j\u00e0 l\u00e0, finalit\u00e9 et origine \u00e0 la fois, mais elle se  complexifie, s\u2019enrichit sans cesse comme processus g\u00e9n\u00e9rateur de sens.<\/p>\n\n\n\n<figure class=\"wp-block-image\"><img data-recalc-dims=\"1\" loading=\"lazy\" decoding=\"async\" width=\"760\" height=\"976\" src=\"https:\/\/i0.wp.com\/saintoma.com\/wp-content\/uploads\/2017\/04\/loeil-de-dieu-2.jpg?resize=760%2C976&#038;ssl=1\" alt=\"\" class=\"wp-image-1938\" srcset=\"https:\/\/i0.wp.com\/saintoma.com\/wp-content\/uploads\/2017\/04\/loeil-de-dieu-2.jpg?resize=797%2C1024&amp;ssl=1 797w, https:\/\/i0.wp.com\/saintoma.com\/wp-content\/uploads\/2017\/04\/loeil-de-dieu-2.jpg?resize=233%2C300&amp;ssl=1 233w, https:\/\/i0.wp.com\/saintoma.com\/wp-content\/uploads\/2017\/04\/loeil-de-dieu-2.jpg?resize=768%2C987&amp;ssl=1 768w, https:\/\/i0.wp.com\/saintoma.com\/wp-content\/uploads\/2017\/04\/loeil-de-dieu-2.jpg?w=1840&amp;ssl=1 1840w, https:\/\/i0.wp.com\/saintoma.com\/wp-content\/uploads\/2017\/04\/loeil-de-dieu-2.jpg?w=1520&amp;ssl=1 1520w\" sizes=\"auto, (max-width: 760px) 100vw, 760px\" \/><\/figure>\n\n\n\n<p>Cette circularit\u00e9 est celle de notre lien  au monde. Nous ne pouvons pas sortir du domaine sp\u00e9cifi\u00e9 par notre  corps et notre syst\u00e8me nerveux en particulier : Spinoza \u00ab  l\u2019objet de l\u2019id\u00e9e constituant l\u2019\u00e2me humaine est le corps \u00bb. Nous ne  pouvons pas remonter les traces de notre exp\u00e9rience jusqu\u2019\u00e0 son  commencement : ce serait remonter jusqu\u2019\u00e0 l\u2019origine du d\u00e9sir du sens,  qui est lui m\u00eame la seule origine, mais proprement \u00ab insens\u00e9e \u00bb.<\/p>\n\n\n\n<p>C\u2019est la vie comme d\u00e9sir du sens qui nous\n fait nous interroger sur elle inlassablement ; et qu\u2019est-ce que cette \nvie comme d\u00e9sir du sens sinon justement notre interrogation qui \ns\u2019exprime ? Cette circularit\u00e9 parfaite de ce qui per\u00e7oit et d\u00e9sire et de\n ce qui le fait per\u00e7evoir et d\u00e9sirer n\u2019est autre que l\u2019expression m\u00eame \nde la vie : le vivant se tient (prend sa teneur) \u00e0 l\u2019int\u00e9rieur m\u00eame de \ncela m\u00eame qu\u2019il tente de comprendre, et il est (trouve sa consistance) \u00e0\n proportion de cet effort de comprendre. (source : J-P Coutard)<\/p>\n\n\n<div class=\"wp-block-image\">\n<figure class=\"aligncenter\"><img data-recalc-dims=\"1\" loading=\"lazy\" decoding=\"async\" width=\"760\" height=\"760\" src=\"https:\/\/i0.wp.com\/saintoma.com\/wp-content\/uploads\/2016\/07\/cropped-nature-1.jpg?resize=760%2C760&#038;ssl=1\" alt=\"\" class=\"wp-image-2828\" srcset=\"https:\/\/i0.wp.com\/saintoma.com\/wp-content\/uploads\/2016\/07\/cropped-nature-1.jpg?w=1200&amp;ssl=1 1200w, https:\/\/i0.wp.com\/saintoma.com\/wp-content\/uploads\/2016\/07\/cropped-nature-1.jpg?resize=150%2C150&amp;ssl=1 150w, https:\/\/i0.wp.com\/saintoma.com\/wp-content\/uploads\/2016\/07\/cropped-nature-1.jpg?resize=300%2C300&amp;ssl=1 300w, https:\/\/i0.wp.com\/saintoma.com\/wp-content\/uploads\/2016\/07\/cropped-nature-1.jpg?resize=768%2C768&amp;ssl=1 768w, https:\/\/i0.wp.com\/saintoma.com\/wp-content\/uploads\/2016\/07\/cropped-nature-1.jpg?resize=1024%2C1024&amp;ssl=1 1024w\" sizes=\"auto, (max-width: 760px) 100vw, 760px\" \/><\/figure>\n<\/div>\n\n\n<figure class=\"wp-block-image size-large\"><img data-recalc-dims=\"1\" loading=\"lazy\" decoding=\"async\" width=\"760\" height=\"539\" src=\"https:\/\/i0.wp.com\/saintoma.com\/wp-content\/uploads\/2022\/09\/tofpap.jpg?resize=760%2C539&#038;ssl=1\" alt=\"\" class=\"wp-image-7381\" srcset=\"https:\/\/i0.wp.com\/saintoma.com\/wp-content\/uploads\/2022\/09\/tofpap.jpg?resize=1024%2C726&amp;ssl=1 1024w, https:\/\/i0.wp.com\/saintoma.com\/wp-content\/uploads\/2022\/09\/tofpap.jpg?resize=300%2C213&amp;ssl=1 300w, https:\/\/i0.wp.com\/saintoma.com\/wp-content\/uploads\/2022\/09\/tofpap.jpg?resize=768%2C544&amp;ssl=1 768w, https:\/\/i0.wp.com\/saintoma.com\/wp-content\/uploads\/2022\/09\/tofpap.jpg?w=1157&amp;ssl=1 1157w\" sizes=\"auto, (max-width: 760px) 100vw, 760px\" \/><figcaption class=\"wp-element-caption\">Galerie du jour agn\u00e8s b 2015<\/figcaption><\/figure>\n\n\n\n<p><strong>Liste des expositions, performances et art urbain :<\/strong><\/p>\n\n\n\n<p><strong>2024<\/strong><\/p>\n\n\n\n<p>Atelier en ligne \/ Le Paon \/ Paris 16.01<\/p>\n\n\n\n<p>Exposition collective avec les AAB \u00ab\u00a0Natures partag\u00e9es\u00a0\u00bb \u00e0 la galerie AAB 21.10<\/p>\n\n\n\n<p>Couverture du livre \u00abLes heures d\u00e9cisives\u00a0\u00bb\u00bb de St\u00e9phane Bataillon \u00e9ditions DDB \/ Paris 05.10<\/p>\n\n\n\n<p>Exposition collective avec les AAB \u00ab\u00a0Natures partag\u00e9es\u00a0\u00bb sur les grilles du parc des buttes Chaumont 17.09<\/p>\n\n\n\n<p>Exposition solo Saint-Oma &#8211; \u00ab Etat des lieux \u00bb \/ Cabinet d\u2019amateur \/ Paris 29.02<\/p>\n\n\n\n<p>Exposition collective \u00ab HORS CADRE \u00bb \/ Cabinet d\u2019amateur \/ Paris 24.03<\/p>\n\n\n\n<p>Intervention lors du s\u00e9minaire \u00ab\u00a0Les Liens qui font les Humanit\u00e9s num\u00e9riques\u00a0\u00bb \/ ENS \/ Paris 10.03<\/p>\n\n\n\n<p>Atelier en ligne \/ Le Paon \/ Paris 08.01<\/p>\n\n\n\n<p>2e ann\u00e9e de formation en Lithographie \/ Paris<\/p>\n\n\n\n<p><strong>2023<\/strong><\/p>\n\n\n\n<p>Atelier en ligne \/ Le Paon \/ Paris 12.11<\/p>\n\n\n\n<p>Exposition collective \u00ab Cartes sur table \u00bb &#8211; Rebelote \/ Cabinet d&rsquo;amateur \/ Paris 30.03<\/p>\n\n\n\n<p>Exposition collective \u00ab M\u00e9tamorphose(s) \u00bb \/ Cabinet d\u2019amateur \/ Paris 12.04<\/p>\n\n\n\n<p>1er ann\u00e9e de formation en Lithographie \/ Paris<\/p>\n\n\n\n<p><strong>2022<\/strong><\/p>\n\n\n\n<p>Participation au Drawing Market \/ Drawing House \/ Paris 05.12<\/p>\n\n\n\n<p>Atelier \u00ab\u00a0cycle de cr\u00e9ation\u00a0\u00bb autour de la bd avec des migrants en apprentissage du fran\u00e7ais \/ Sannois 10.06<\/p>\n\n\n\n<p>Exposition collective \u00ab 50 AUTOPORTRAITS IMAGINAIRES \u00bb \/ Cabinet d\u2019amateur \/ Paris 20.10<\/p>\n\n\n\n<p>Exposition collective \u00ab Cartes sur table \u00bb \/ Cabinet d\u2019amateur \/ Paris 20.03<\/p>\n\n\n\n<p><strong>2021<\/strong><\/p>\n\n\n\n<p>Couverture du livre\u00abL\u2019omphalos\u00bb d&rsquo;Alexandre Avril \u00e9ditions Forgotten Dreams + tirages d\u2019arts  \/ Paris 02.11<\/p>\n\n\n\n<p>Participation et collage, festival street-art D\u2019Arts \/ Limoges 08.07<\/p>\n\n\n\n<p>Participation et visuel de communication pour les portes ouvertes AAB \/ Paris 27.05<\/p>\n\n\n\n<p>Exposition collective \u00ab\u00a0Correspondance(s)\u00a0\u00bb \/ Cabinet d\u2019amateur \/ Paris 19.03<\/p>\n\n\n\n<p>Atelier \u00ab\u00a0cycle de cr\u00e9ation\u00a0\u00bb autour de la bd avec des enfants au centre social municipal \/ Sannois 10.03<\/p>\n\n\n\n<p>Collage \u00e0 l&rsquo;occasion \u00ab\u00a0Les veoux fabuleux de la mairie du 14eme\u00a0\u00bb L\u2019ile de sein \/ Paris 01.01<\/p>\n\n\n\n<p><strong>2020<\/strong><\/p>\n\n\n\n<p>Participation et collage, festival street-art D\u2019Arts \/ Limoges 12.07<\/p>\n\n\n\n<p>Exposition collective-les cros electriques galery arts factory \/ Paris 12.05<\/p>\n\n\n\n<p>Exposition collective \u00ables nouveaux\u00bb AAB \/ Paris 05.04<\/p>\n\n\n\n<p>Performance \u00e0 la H Galery Paris 21.02<\/p>\n\n\n\n<p>Mural dans les bureaux de Plateau Urbain \/ Paris 01.01<\/p>\n\n\n\n<p><strong>2019<\/strong><\/p>\n\n\n\n<p>Exposition collective \u00abStreetartminiature\u00bb Cabinet d\u2019amateur \/ Paris 15.09<\/p>\n\n\n\n<p>Exposition dans le hall de L\u2019\u00c9cole normale sup\u00e9rieure \u00abDessiner les humanit\u00e9s num\u00e9riques\u00bb \/ Paris 01.04<\/p>\n\n\n\n<p><strong>2018<\/strong><\/p>\n\n\n\n<p>Exposition Collective Cycles Crois\u00e9s \/ 6B saint Denis \/ 18.04<\/p>\n\n\n\n<p>Collective Je me souviens \/ Cabinet d\u2019amateur \/ Paris 19.12<\/p>\n\n\n\n<p>Exposition \u00abBestiaire collectif\u00bb \/ Ground Galerie \/ Bault \/ Mue Imago \/ Nicolas Barrome \/ Niark 1 \/ S\u00e9bastien Touache Paris 11.12 <\/p>\n\n\n\n<p>March\u00e9 des cr\u00e9ateurs \/ L\u2019openbach \/ Paris 10.12<\/p>\n\n\n\n<p>Print is Bach \/ Openbach \/ Paris 08.11<\/p>\n\n\n\n<p>Portraits dessin\u00e9es sur les Humanit\u00e9s num\u00e9riques \u00abDgit Hum\u00bb \/ CNRS \/<br>\nPSL \/ ENS \/ CAPHES 18.10<\/p>\n\n\n\n<p>Fresque et atelier enfant avec pour Mom\u2019art \/ Paris 10.10<\/p>\n\n\n\n<p>Performance dessin\u00e9e Nuit des chercheurs \/ ESPCI \/ Paris 21.09<\/p>\n\n\n\n<p>Fresque pour Plateau Urbain\/ Paris 05.09<\/p>\n\n\n\n<p>Mural pour le th\u00eaatre immersif \/ le secret \/ Paris 18.08<\/p>\n\n\n\n<p>Exposition collective \u00abDuo et plus\u00bb Cabinet d\u2019amateur \/ Paris 08.07<\/p>\n\n\n\n<p>Mural pour Le Consulat \/ Art en ville \/ Paris 08.07<\/p>\n\n\n\n<p>Publication \u00ab#150 St Oma\u00bb aux Cros Electriques \/ Paris 06.06<\/p>\n\n\n\n<p>Fresque dans le cadre du LaBel Valette \/ Pressigny-les-Pins 29.06<\/p>\n\n\n\n<p>Exposition Collective \u00ab Sol\u00e9no\u00efdes polymorphes \u00bb \/ Cabinet damateur \/ 08.04 Juan \/ Nosb\u00e9<\/p>\n\n\n\n<p><strong>2017<\/strong><\/p>\n\n\n\n<p>Exposition la collective de L\u2019openbach 2 \/ L\u2019openbach \/ Paris 12.12<\/p>\n\n\n\n<p>Exposition en duo avec \u00abMue Imago\u00bb \/ \u00abl\u2019\u00e9trange forme de vie\u00bb \/ L\u2019openbach \/ Paris 12.11<\/p>\n\n\n\n<p>Exposition collective 2 \/ Le Fugitif \/ Paris 08.11<\/p>\n\n\n\n<p>Exposition collective \u00ab A \/ Z \u00bb \u2013 Les dix ans \/ cabinet d\u2019amateur \/ Paris 12.10<\/p>\n\n\n\n<p>Exposition collective Instincts #1 \/ All Mecen \/ Paris 03.09<\/p>\n\n\n\n<p>Exposition \u00abAu Jardin l\u2019exp\u00e9rience\u00bb + \u00abPerformances dessin\u00e9es\u00bb \/ H\u00f4tel particulier \/ Paris 12.08<\/p>\n\n\n\n<p>Exposition collective \u00abM\u00e9tamorphose(s) \u00bb Cabinet d\u2019amateur \/ Paris 12.07<\/p>\n\n\n\n<p>Exposition collective Art Curial \/ Art For Autism 18.06<\/p>\n\n\n\n<p>Exposition \u00abMinimenta\u00bb Cabinet d\u2019amateur collective 11.06<\/p>\n\n\n\n<p>Exposition solo \/ Peintures \u00abMati\u00e8res \u00e0 panser\u00bb \/ Cabinet d\u2019amateur \/ Paris 28.04<\/p>\n\n\n\n<p>Exposition collective \u00abDerive\u00bb \/ 18.04<\/p>\n\n\n\n<p>Exposition la collective de L\u2019openbach 1 \/ L\u2019openbach \/ Paris 23.03<\/p>\n\n\n\n<p>Exposition collective \u00abArt Urbain Contemporain V\u00bb Cabinet d\u2019amateur \/ Paris 12.02<\/p>\n\n\n\n<p>Exposition collective \u00abLe mur Carri\u00e8re\u00bb\u00bb Cabinet d\u2019amateur \/ Paris 14.01<\/p>\n\n\n\n<p><strong>2016<\/strong><\/p>\n\n\n\n<p>Signature Sociographic \/ Exposition des dessins originaux \/ Cabinet d\u2019amateur \/ Paris 18.12<\/p>\n\n\n\n<p>Exposition collective \u00ab A vos souhaits ! \u00bb \/ Cabinet d\u2019amateur \/ Paris 10.12<\/p>\n\n\n\n<p>Exposition \/ Bouquet \/ Boucicaut Flaur \/ Paris 16.11<\/p>\n\n\n\n<p>Exposition \/ Malmo\u00f4 by Paris \/ Su\u00e9de 16.11<\/p>\n\n\n\n<p>Performance d\u00e9ssin\u00e9e \u00e0 La Galcante \/ Paris 16.09<\/p>\n\n\n\n<p>Exposition Collective avec \u00abBault\u00bb+Performance dessin\u00e9e \u00abLe Confessionnal\u00bb<br>\n\/ Espace Durant Dessert \/ Paris 12.09<\/p>\n\n\n\n<p>Performance collective \/ Malm\u00f4 by Paris \/ Paris 08.07<\/p>\n\n\n\n<p>\u00abConcert dessin\u00e9\u00bb au Sunside \/ Paris 24.06<\/p>\n\n\n\n<p>Exposition collective Art Curial \/ Art For Autism \/ Paris 18.06<\/p>\n\n\n\n<p>Exposition collective \u00abMinimenta\u00bb \/ Cabinet d\u2019amateur \/ Paris 11.06<\/p>\n\n\n\n<p>Exposition \u00abL\u2019expo qui n\u2019existait pas\u00bb \/ Cabinet d\u2019amateur collective \/ Paris 12.05<\/p>\n\n\n\n<p>Fresque Collective \u00abREHAAB\u00bb \/ Paris 11.07<\/p>\n\n\n\n<p>Exposition collective \u00abDerive\u00bb \/ 28.04 Paris<\/p>\n\n\n\n<p>Exposition collective \u00abLabolic\u00bb \/ Nucl\u00e9us 28.03 Paris<\/p>\n\n\n\n<p><strong>2015<\/strong><\/p>\n\n\n\n<p>Exposition \u00abMinimenta\u00bb \/ Cabinet d\u2019amateur collective \/ Paris 11.06 11.06<\/p>\n\n\n\n<p>Fresque avec Bault \/ Hub21 Fort d\u2019Aubervillier \/ Aubervillier 05.11<\/p>\n\n\n\n<p>Exposition en duo avec \u00abMue Imago\u00bb dans le cadre des Portes ouvertes<br> des ateliers d\u2019artistes de Belleville \/ Paris 29.05 11.06<\/p>\n\n\n\n<p>Exposition collective \u00abTrait d\u2019esprit\u00bb Galerie du jour agn\u00e8s b<br>Commissariat : Jean-Fran\u00e7ois Sanz<br>Abdelkader Benchamma \/ agn\u00e8s Troubl\u00e9 \/ Claire Chesnier \/ Hiraku Susuki, \/Diane Arbus \/ Emanuel bovet \/ Acharya vyakul \/ Lucien Herv\u00e9 \/ Claire Tabouret \/ Donald Judd \/ Bob Wilson \/ Jean Michel Othoniel \/ Gotacho \/ Cathy de Monchaux.<\/p>\n\n\n\n<p>Exposition collective MIDI MINUIT\/ Kremlin Bic\u00eatre \/ Association Labolic.<br> Avec les artistes Lyyst \/ Alex Den \/ Bault \/ CLR C \/ No rules corp\u2026 25.04<\/p>\n\n\n\n<p>Exposition collective \u00abNature humaine\u00bb Arnaud Boisram\u00e9, Fred Calmets,<br>\nPepe Do\u00f1ate, Tristan des Limbes, Pole Ka, Magali Touvron, Saint-Oma 02.04<\/p>\n\n\n\n<p>Exposition de T-Shirt d\u2019artiste \/ Paris.<br>\nD\u00e9fil\u00e9 femme hiver agn\u00e8s b\/ 10.03<\/p>\n\n\n\n<p>Exposition collective Atelier Artiste de Bellevile. Paris \/ 19.02<\/p>\n\n\n\n<p>Exposition des \u0153uvres du livre d\u2019artiste \/ Paris<br>\n\u00abTaquineries d\u00e9fendues\u00bb \/ ed Artefiz \/ au Monte en l\u2019air. 12.02<\/p>\n\n\n\n<p>Exposition Chemise d\u2019artiste Paris \/ D\u00e9fil\u00e9 homme hiver agn\u00e8s b. 25.01<\/p>\n\n\n\n<p><strong>2014<\/strong><\/p>\n\n\n\n<p>Exposition \u00abVis \u00e0 Vis \/ Paris<br>\nExposition collective autour du Street Art au cabinet d\u2019amateur. 18.12<\/p>\n\n\n\n<p>Exposition collective \/ Kremlin Bic\u00eatre \/ Association Labolic.<br>\nAvec les artistes Lyyst \/ Alex Den \/ Bault \/ CLR C \/ No rules corp. 09.12<\/p>\n\n\n\n<p>Lancement du livre d\u2019artiste \/ ed Artefiz \/ Paris<br>\n\u00abTaquineries d\u00e9fendues\u00bb au Batofar. 03.12<\/p>\n\n\n\n<p>Lancement du livre d\u2019artiste \/ ed Artefiz \/ Paris<br>\n\u00abTaquineries d\u00e9fendues\u00bb galerie Aera. 06.11<\/p>\n\n\n\n<p>Traits d\u2019union \u00e0 L\u2019albatros \/ Montreuil.<br>\nFresque collective sur toile 6mx4m<br>\navec les artistes Lyyst \/ Alex Den \/ 10.10<\/p>\n\n\n\n<p>Recto facial \u2013 Verso Vert\u00e8bre \/ Li\u00e8ge<br>\nParticipation \u00e0 l\u2019exposition de Francesco Defourny<br>\n&amp; St\u00e9phane Blanquet. United dead artists. 05.10<\/p>\n\n\n\n<p>Portes ouvertes du ch\u00eane \/ Villejuif.<br>\nExposition collective. 12.09<\/p>\n\n\n\n<p>Exposition \u00abNarrative street art\u00bb \/ Paris.<br>\nAvec les artistes \/ Pablo Delgado \/ Bault<br>\n\/ Levalet \/ \u00e0 la Galerie du Cabinet d\u2019amateur. 05.07<\/p>\n\n\n\n<p>Exposition Solo \u00abDessins d\u2019id\u00e9es\u00bb \/ Paris.<br>\n\u00e0 la Galerie du Cabinet d\u2019amateur. 04.06<\/p>\n\n\n\n<p>Exposition \u00e0 L\u2019IPAG \/ Paris. 28.05<\/p>\n\n\n\n<p>Exposition de T-Shirt d\u2019artiste \/ Paris.<br>\nD\u00e9fil\u00e9 homme \u00e9t\u00e9 agn\u00e8s b \/ 25.05<\/p>\n\n\n\n<p>Exposition au Drawing Now \/ Paris. Stand Agn\u00e8s B 25.04<\/p>\n\n\n\n<p>Exposition de T-Shirt d\u2019artiste \/ Paris.<br>\nD\u00e9fil\u00e9 femme hiver agn\u00e8s b\/ 10.03<\/p>\n\n\n\n<p>Exposition au Pavillon des artistes \/ St-Denis.<br>\nAvec Les artistes Bault \/ Pablo Zago \/ Lyyst \/ 25.02<\/p>\n\n\n\n<p><strong>2013<\/strong><\/p>\n\n\n\n<p>Traits d\u2019union \u00e0 L\u2019albatros \/ Montreuil.<br> Exposition collective autour du Street Art. 11.10<\/p>\n\n\n\n<p><strong>Publications<\/strong> :<\/p>\n\n\n\n<ul class=\"wp-block-list\">\n<li>Couverture du livre \u00ab\u00a0Les heures d\u00e9cisives\u00a0\u00bb de St\u00e9phan Bataillon,  ed DDB 2024.<\/li>\n\n\n\n<li>Catalogue de l\u2019exposition \u00abEtat des lieux\u00bb \/ ed Cabinet d\u2019amateur 2024.<\/li>\n\n\n\n<li>Couverture du livre l&rsquo;omphalos d&rsquo;Alexandre Avril \/ ed Forgotten Dream 2021.<\/li>\n\n\n\n<li>Visuel de l&rsquo;affiche des Portes ouvertes des ateliers d&rsquo;artistes de Belleville 2021.<\/li>\n\n\n\n<li>Le chant des Gathas R\u00eaves de Zoroastre \/ ed la septi\u00e8me sph\u00e8re 2020.<\/li>\n\n\n\n<li>Blog binaire \/ illustration de certain article. 2018-20.<\/li>\n\n\n\n<li>Gongret SIF \/ illustration 2020.<\/li>\n\n\n\n<li>Revue \u00abGustave\u00bb 2016-2020.<\/li>\n\n\n\n<li>Fanzine de Plateau Urbain. 2019.<\/li>\n\n\n\n<li>-R\u00e9seau des biblioth\u00e8ques de l\u2019ENS 2019.<\/li>\n\n\n\n<li>ENS-Labex transfert les humanit\u00e9s numeriques 2016 -2019.<\/li>\n\n\n\n<li>Catalogue de l\u2019exposition \u00abMati\u00e8res \u00e0 panser\u00bb \/ ed Cabinet d\u2019amateur 2016.<\/li>\n\n\n\n<li>\u00abPanorama\u00bb des id\u00e9es\u00bb ed Lemieux 2016.<\/li>\n\n\n\n<li>\u00abLe Bateau\u00bb 2016.<\/li>\n\n\n\n<li>\u00abSociographic\u00bb Cyril Lemieux \/ Saint Oma, ed Lemieux 2016<\/li>\n\n\n\n<li>Revue Banza\u00ef 2015.<\/li>\n\n\n\n<li>CEA \u00abdessine-moi un expert !\u00bb 2015.<\/li>\n\n\n\n<li>Couverture du livre de G\u00e9rard Borvon \u00abRespirer tue\u00bb<\/li>\n\n\n\n<li>ed.Lemieux-editeur 2016.<\/li>\n\n\n\n<li>Couverture du livre de Christian Harbulot \u00abFabricants d\u2019intox\u00bb<\/li>\n\n\n\n<li>ed.Lemieux 2016.<\/li>\n\n\n\n<li>Couverture du livre de Susan Perry \u00abL\u2019Illusion pixel\u00bb<\/li>\n\n\n\n<li>ed.Lemieux 2015.<\/li>\n\n\n\n<li>Couverture du livre d\u2019Edgar Morin \u00abL\u2019Europe \u00e0 deux visages\u00bb<\/li>\n\n\n\n<li>ed.Lemieux 2015.<\/li>\n\n\n\n<li>Livre d\u2019artiste \u00abSaint Oma &#8211; Taquineries D\u00e9fendues\u00bb<\/li>\n\n\n\n<li>ed Artefiz 2014.<\/li>\n\n\n\n<li>Pages de carnets publi\u00e9es dans la revue<\/li>\n\n\n\n<li>Poussi\u00e8re du monde \/ ed Fran\u00e7ois Bourin 2014.<\/li>\n\n\n\n<li>Catalogue de l\u2019exposition Recto facial \/ Verso Vert\u00e8bre \/ ed UDA 2014.<\/li>\n\n\n\n<li>Catalogue de l\u2019exposition \u00abDessins d\u2019id\u00e9es\u00bb \/ ed Cabinet d\u2019amateur 2014.<\/li>\n\n\n\n<li>Illustrations pour les quatre n\u00b0 de la revue<\/li>\n\n\n\n<li>documentaliste Science de l\u2019information \/ ed ADBS 2014.<\/li>\n\n\n\n<li>ParisTonkar n\u00b08 ed S.C.T.T 2013.<\/li>\n<\/ul>\n\n\n\n<p><strong>Interview<\/strong> :<\/p>\n\n\n\n<p><a href=\"http:\/\/qgdesartistes.fr\/saint-oma\/\" target=\"_blank\" rel=\"noreferrer noopener\">http:\/\/qgdesartistes.fr\/saint-oma\/<\/a><\/p>\n\n\n\n<p><a href=\"http:\/\/www.artistup.fr\/articles\/491\/saint-oma-saint-dessins\">http:\/\/www.artistup.fr\/articles\/491\/saint-oma-saint-dessins<\/a><\/p>\n\n\n\n<p><a href=\"http:\/\/www.lesinfluences.fr\/Saint-Oma-taquin.html\">http:\/\/www.lesinfluences.fr\/Saint-Oma-taquin.html<\/a><\/p>\n\n\n\n<figure class=\"wp-block-embed is-type-video is-provider-vimeo wp-block-embed-vimeo wp-embed-aspect-16-9 wp-has-aspect-ratio\"><div class=\"wp-block-embed__wrapper\">\n<iframe loading=\"lazy\" title=\"Hub 21 - Fort dAubervilliers\" src=\"https:\/\/player.vimeo.com\/video\/150948343?dnt=1&amp;app_id=122963\" width=\"760\" height=\"428\" frameborder=\"0\" allow=\"autoplay; fullscreen; picture-in-picture; clipboard-write\"><\/iframe>\n<\/div><\/figure>\n\n\n\n<figure class=\"wp-block-embed is-type-video is-provider-vimeo wp-block-embed-vimeo wp-embed-aspect-16-9 wp-has-aspect-ratio\"><div class=\"wp-block-embed__wrapper\">\n<iframe loading=\"lazy\" title=\"Le Confessionnal de SAINT-OMA\" src=\"https:\/\/player.vimeo.com\/video\/182169608?dnt=1&amp;app_id=122963\" width=\"760\" height=\"428\" frameborder=\"0\" allow=\"autoplay; fullscreen; picture-in-picture; clipboard-write\"><\/iframe>\n<\/div><\/figure>\n\n\n\n<figure class=\"wp-block-embed is-type-video is-provider-vimeo wp-block-embed-vimeo wp-embed-aspect-16-9 wp-has-aspect-ratio\"><div class=\"wp-block-embed__wrapper\">\n<iframe loading=\"lazy\" title=\"Labolic@59\" src=\"https:\/\/player.vimeo.com\/video\/143782739?dnt=1&amp;app_id=122963\" width=\"760\" height=\"428\" frameborder=\"0\" allow=\"autoplay; fullscreen; picture-in-picture; clipboard-write\"><\/iframe>\n<\/div><\/figure>\n\n\n\n<figure class=\"wp-block-embed is-type-video is-provider-vimeo wp-block-embed-vimeo wp-embed-aspect-16-9 wp-has-aspect-ratio\"><div class=\"wp-block-embed__wrapper\">\n<iframe loading=\"lazy\" title=\"Des \u00e2mes et des metiers - Saint Oma\" src=\"https:\/\/player.vimeo.com\/video\/291732258?dnt=1&amp;app_id=122963\" width=\"760\" height=\"428\" frameborder=\"0\" allow=\"autoplay; fullscreen; picture-in-picture; clipboard-write\"><\/iframe>\n<\/div><\/figure>\n\n\n\n<p>CULTURAMA HOMEMADE #15 \/ SAINT-OMA<\/p>\n\n\n\n<figure class=\"wp-block-embed is-type-video is-provider-youtube wp-block-embed-youtube wp-embed-aspect-16-9 wp-has-aspect-ratio\"><div class=\"wp-block-embed__wrapper\">\n<span class=\"embed-youtube\" style=\"text-align:center; display: block;\"><iframe loading=\"lazy\" class=\"youtube-player\" width=\"760\" height=\"428\" src=\"https:\/\/www.youtube.com\/embed\/WJXgBLvU9eM?version=3&#038;rel=1&#038;showsearch=0&#038;showinfo=1&#038;iv_load_policy=1&#038;fs=1&#038;hl=fr-BE&#038;autohide=2&#038;wmode=transparent\" allowfullscreen=\"true\" style=\"border:0;\" sandbox=\"allow-scripts allow-same-origin allow-popups allow-presentation allow-popups-to-escape-sandbox\"><\/iframe><\/span>\n<\/div><\/figure>\n","protected":false},"excerpt":{"rendered":"<p>Thomas Durcudoy dit Saint-Oma Autre site : https:\/\/cargocollective.com\/ThomasDurcudoy Animation 2d : https:\/\/cargocollective.com\/studiotogi \u00e0 propos : Thomas Durcudoy (n\u00e9 en 1973) dit Saint-Oma est issu d\u2019un cursus artistique, \u00c9cole Boulle (DMA ciselure), \u00c9cole des beaux-arts d\u2019\u00c9pinal (DNAP, DNSEP), cette longue formation l\u2019a conduit \u00e0 construire une trame plastique autour de quatre m\u00e9diums : le dessin, l\u2019animation<\/p>\n<p class=\"more-link-wrapper\"><a href=\"https:\/\/saintoma.com\/index.php\/a-propos-contact-interview\/\" class=\"more-link\">Continue Reading<span class=\"screen-reader-text\"> \u00ab\u00a0\u00c0 PROPOS\u00a0\u00bb<\/span><\/a><\/p>\n","protected":false},"author":1,"featured_media":0,"parent":0,"menu_order":0,"comment_status":"closed","ping_status":"closed","template":"","meta":{"jetpack_post_was_ever_published":false,"footnotes":""},"class_list":["post-5441","page","type-page","status-publish","hentry"],"jetpack_sharing_enabled":true,"jetpack_shortlink":"https:\/\/wp.me\/P3QxEG-1pL","_links":{"self":[{"href":"https:\/\/saintoma.com\/index.php\/wp-json\/wp\/v2\/pages\/5441","targetHints":{"allow":["GET"]}}],"collection":[{"href":"https:\/\/saintoma.com\/index.php\/wp-json\/wp\/v2\/pages"}],"about":[{"href":"https:\/\/saintoma.com\/index.php\/wp-json\/wp\/v2\/types\/page"}],"author":[{"embeddable":true,"href":"https:\/\/saintoma.com\/index.php\/wp-json\/wp\/v2\/users\/1"}],"replies":[{"embeddable":true,"href":"https:\/\/saintoma.com\/index.php\/wp-json\/wp\/v2\/comments?post=5441"}],"version-history":[{"count":51,"href":"https:\/\/saintoma.com\/index.php\/wp-json\/wp\/v2\/pages\/5441\/revisions"}],"predecessor-version":[{"id":8205,"href":"https:\/\/saintoma.com\/index.php\/wp-json\/wp\/v2\/pages\/5441\/revisions\/8205"}],"wp:attachment":[{"href":"https:\/\/saintoma.com\/index.php\/wp-json\/wp\/v2\/media?parent=5441"}],"curies":[{"name":"wp","href":"https:\/\/api.w.org\/{rel}","templated":true}]}}