{"id":5453,"date":"2019-11-03T20:29:07","date_gmt":"2019-11-03T19:29:07","guid":{"rendered":"http:\/\/saintoma.com\/?page_id=5453"},"modified":"2024-11-28T21:23:24","modified_gmt":"2024-11-28T20:23:24","slug":"atelier","status":"publish","type":"page","link":"https:\/\/saintoma.com\/index.php\/atelier\/","title":{"rendered":"ATELIER"},"content":{"rendered":"\n<p>Dans cet atelier je vous propose de p\u00e9n\u00e9trer au c\u0153ur de la d\u00e9marche cr\u00e9atrice tout  en explorant les bases et les innombrables possibilit\u00e9s des arts  plastiques ouvrant aux n\u00e9ophytes comme aux initi\u00e9s des champs d\u2019expression de soi et des perspectives nouvelles dans l\u2019art plastique.  Une invitation \u00e0 une aventure artistique o\u00f9 chacun apprend \u00e0 entrer dans un v\u00e9ritable processus de cr\u00e9ation et \u00e0 cultiver son regard.<\/p>\n\n\n\n<p>L\u2019atelier est un cadre pour aider \u00e0 trouver son \u00e9criture graphique et\n d\u00e9velopper ou cr\u00e9er son univers singulier. C\u2019est une approche par \nl\u2019exp\u00e9rimentation, le rythme graphique, l\u2019interaction des formes\u2026Une \napproche ludique de la cr\u00e9ation, centr\u00e9e sur le l\u00e2cher prise, la \ncr\u00e9ation par le jeu.<\/p>\n\n\n\n<p>Cet atelier est ax\u00e9 sur le d\u00e9veloppement personnel par le processus \nde cr\u00e9ation, l\u2019accompagnement se fait par la proposition de cr\u00e9ation, \nles exercices s\u2019adaptent \u00e0 la personne et proposent d\u2019ouvrir d\u2019autres \ndimensions, de s\u2019exprimer autre.<\/p>\n\n\n\n<p>Objectif :<\/p>\n\n\n\n<p>Exp\u00e9rimenter diff\u00e9rentes techniques et approches pour r\u00e9aliser un \nprojet adaptable individuel ou collectif selon le profil du groupe de \ntravail. Le projet final s\u2019articule autour du potentiel de chacun. \nL\u2019objectif \u00e9tant de conceptualiser un projet (un journal, une fresque\u2026) \nqui permettra de faire un suivi d\u2019\u00e9valuation tout au long du programme.<\/p>\n\n\n\n<p>Exp\u00e9riences :<\/p>\n\n\n\n<ul class=\"wp-block-list\">\n<li>Certificat d\u2019aptitude de INECAT \/ Institut National d\u2019Expression, de Cr\u00e9ation, d\u2019Art et Th\u00e9rapie.<\/li>\n\n\n\n<li>formation : Accompagner par la cr\u00e9ation les personnes en difficult\u00e9 d\u2019\u00eatre. 2015<\/li>\n\n\n\n<li>3 Ateliers en ligne avec le Paon Partir du dessin pour inventer une histoire \/ Peindre des monstres \u00e0 l&rsquo;aquarelle \/ Collages. Paris 2024 \/ 2025<\/li>\n<\/ul>\n\n\n\n<ul class=\"wp-block-list\">\n<li>Intervenant \/ d\u00e9veloppement personnel par <br>le processus de cr\u00e9ation avec un groupe d\u2019handicap\u00e9s \/ l\u2019 E.S.A.T de <br>Daumesnil Paris 12 2017<\/li>\n<\/ul>\n\n\n\n<ul class=\"wp-block-list\">\n<li>Intervenant \/ \u00ab\u00a0Affichez vous\u00a0\u00bb cr\u00e9ation  et mise en forme d\u2019id\u00e9e avec une classe \/ Groupe I.G.S \u00e9cole sup\u00e9rieur  Paris 19 \/ 2017-18-19-22<\/li>\n\n\n\n<li>Atelier \/ La source \/ Piscine  Georges Hermant 75019 \/ 2019<\/li>\n\n\n\n<li>Mom art \/ Atelier de cr\u00e9ation et fresque r\u00e9alis\u00e9e avec les enfants Paris 2018<\/li>\n\n\n\n<li>Atelier Graphique avec 15 enfants de 4 \u00e0 9 ans Sannois 2022<\/li>\n<\/ul>\n","protected":false},"excerpt":{"rendered":"<p>Dans cet atelier je vous propose de p\u00e9n\u00e9trer au c\u0153ur de la d\u00e9marche cr\u00e9atrice tout en explorant les bases et les innombrables possibilit\u00e9s des arts plastiques ouvrant aux n\u00e9ophytes comme aux initi\u00e9s des champs d\u2019expression de soi et des perspectives nouvelles dans l\u2019art plastique. Une invitation \u00e0 une aventure artistique o\u00f9 chacun apprend \u00e0 entrer<\/p>\n<p class=\"more-link-wrapper\"><a href=\"https:\/\/saintoma.com\/index.php\/atelier\/\" class=\"more-link\">Continue Reading<span class=\"screen-reader-text\"> \u00ab\u00a0ATELIER\u00a0\u00bb<\/span><\/a><\/p>\n","protected":false},"author":1,"featured_media":0,"parent":0,"menu_order":0,"comment_status":"closed","ping_status":"closed","template":"","meta":{"jetpack_post_was_ever_published":false,"footnotes":""},"class_list":["post-5453","page","type-page","status-publish","hentry"],"jetpack_sharing_enabled":true,"jetpack_shortlink":"https:\/\/wp.me\/P3QxEG-1pX","_links":{"self":[{"href":"https:\/\/saintoma.com\/index.php\/wp-json\/wp\/v2\/pages\/5453","targetHints":{"allow":["GET"]}}],"collection":[{"href":"https:\/\/saintoma.com\/index.php\/wp-json\/wp\/v2\/pages"}],"about":[{"href":"https:\/\/saintoma.com\/index.php\/wp-json\/wp\/v2\/types\/page"}],"author":[{"embeddable":true,"href":"https:\/\/saintoma.com\/index.php\/wp-json\/wp\/v2\/users\/1"}],"replies":[{"embeddable":true,"href":"https:\/\/saintoma.com\/index.php\/wp-json\/wp\/v2\/comments?post=5453"}],"version-history":[{"count":16,"href":"https:\/\/saintoma.com\/index.php\/wp-json\/wp\/v2\/pages\/5453\/revisions"}],"predecessor-version":[{"id":8232,"href":"https:\/\/saintoma.com\/index.php\/wp-json\/wp\/v2\/pages\/5453\/revisions\/8232"}],"wp:attachment":[{"href":"https:\/\/saintoma.com\/index.php\/wp-json\/wp\/v2\/media?parent=5453"}],"curies":[{"name":"wp","href":"https:\/\/api.w.org\/{rel}","templated":true}]}}